{"id":724,"date":"2017-06-15T01:24:29","date_gmt":"2017-06-15T04:24:29","guid":{"rendered":"http:\/\/localhost\/construct\/?page_id=724"},"modified":"2026-03-17T06:38:30","modified_gmt":"2026-03-17T09:38:30","slug":"home-full-screen","status":"publish","type":"page","link":"https:\/\/batioli.com\/","title":{"rendered":"Home"},"content":{"rendered":"<p>[vc_row fullwidth=&#8221;yes&#8221;][vc_column][rev_slider_vc alias=&#8221;home-full&#8221;][\/vc_column][\/vc_row][vc_row el_class=&#8221;bg-color&#8221; css=&#8221;.vc_custom_1497500641462{padding-top: 32px !important;padding-bottom: 32px !important;}&#8221;][vc_column]<\/p>\n<div class=\"col-md-8\">\n<div class=\"wprt-spacer\" data-desktop=\"8\" data-mobi=\"0\" data-smobi=\"0\"><\/div>\n<h2 class=\"text-white text-center-mobile font-size-20 margin-bottom-0\">A Batioli tem a miss\u00e3o de transportar m\u00e1quinas pesadas com responsabilidade e seguran\u00e7a, proporcionando aos clientes tecnologia e confiabilidade.<\/h2>\n<div class=\"wprt-spacer\" data-desktop=\"0\" data-mobi=\"20\" data-smobi=\"20\"><\/div>\n<\/div>\n<div class=\"col-md-4\">\n<div class=\"text-right text-center-mobile\">\n<p>\t        <a class=\"wprt-button white rounded-3px\" href=\"https:\/\/batioli.com\/index.php\/catalogo-de-maquina\/\" target=\" _blank\">CAT\u00c1LOGO DE M\u00c1QUINAS<\/a>\t        <\/div>\n<\/div>\n<p>[\/vc_column][\/vc_row][vc_row css=&#8221;.vc_custom_1497500715270{padding-top: 80px !important;padding-bottom: 80px !important;}&#8221;][vc_column]<\/p>\n<h2 class=\"text-center\" >Um pouco mais sobre n\u00f3s<\/h2>\n<div class=\"wprt-lines style-2 custom-1\">\n<div class=\"line-1\"><\/div>\n<\/div>\n<p>[vc_empty_space height=&#8221;50px&#8221;][\/vc_column][vc_column offset=&#8221;vc_col-md-4&#8243;]<\/p>\n<div class=\"wprt-icon-box accent-background icon-left rounded icon-effect-2 width-70\">\n<div class=\"icon-wrap font-size-40\">\n            <span class=\"dd-icon fa fa-flag \"><\/span>\n        <\/div>\n<div class=\"content-wrap\">\n<h3 class=\"dd-title font-size-18\">Funda\u00e7\u00e3o<\/h3>\n<p>A Batioli \u00e9 uma empresa de transporte de m\u00e1quinas pesadas, fundada no ano de 2008.<\/p>\n<\/p>\n<\/div>\n<\/div>\n<p>[vc_empty_space height=&#8221;50px&#8221;]<\/p>\n<div class=\"wprt-icon-box accent-background icon-left rounded icon-effect-2 width-70\">\n<div class=\"icon-wrap font-size-40\">\n            <span class=\"dd-icon fa fa-globe \"><\/span>\n        <\/div>\n<div class=\"content-wrap\">\n<h3 class=\"dd-title font-size-18\">Responsabilidade social<\/h3>\n<p>Refor\u00e7amos o compromisso de \u00e9tica, desenvolvimento sustent\u00e1vel e bem-estar da comunidade, gerando um crescimento econ\u00f4mico saud\u00e1vel e bom para todos.<\/p>\n<\/p>\n<\/div>\n<\/div>\n<p>[vc_column_text]<\/p>\n<div class=\"wprt-spacer\" style=\"height: 0px;\" data-desktop=\"0\" data-mobi=\"40\" data-smobi=\"40\"><\/div>\n<p>[\/vc_column_text][\/vc_column][vc_column offset=&#8221;vc_col-md-4&#8243;]<\/p>\n<div class=\"wprt-icon-box accent-background icon-left rounded icon-effect-2 width-70\">\n<div class=\"icon-wrap font-size-40\">\n            <span class=\"dd-icon fa fa-truck \"><\/span>\n        <\/div>\n<div class=\"content-wrap\">\n<h3 class=\"dd-title font-size-18\">Frota<\/h3>\n<p>Completa frota para atender a necessidade de nossos clientes.<\/p>\n<\/p>\n<\/div>\n<\/div>\n<p>[vc_empty_space height=&#8221;70px&#8221;]<\/p>\n<div class=\"wprt-icon-box accent-background icon-left rounded icon-effect-2 width-70\">\n<div class=\"icon-wrap font-size-40\">\n            <span class=\"dd-icon fa fa-leaf \"><\/span>\n        <\/div>\n<div class=\"content-wrap\">\n<h3 class=\"dd-title font-size-18\">Responsabilidade ambiental<\/h3>\n<p>Uso racional dos recursos colocados a nossa disposi\u00e7\u00e3o, evitando desperd\u00edcio, damos destina\u00e7\u00e3o correta do\u00a0lixo, reutilizamos materiais buscando reduzir ou evitar poss\u00edveis riscos e danos \u00e0 natureza.<\/p>\n<\/p>\n<\/div>\n<\/div>\n<p>[vc_column_text]<\/p>\n<div class=\"wprt-spacer\" style=\"height: 0px;\" data-desktop=\"0\" data-mobi=\"40\" data-smobi=\"40\"><\/div>\n<p>[\/vc_column_text][\/vc_column][vc_column offset=&#8221;vc_col-md-4&#8243;]<\/p>\n<div class=\"wprt-icon-box accent-background icon-left rounded icon-effect-2 width-70\">\n<div class=\"icon-wrap font-size-40\">\n            <span class=\"dd-icon fa fa-user-o \"><\/span>\n        <\/div>\n<div class=\"content-wrap\">\n<h3 class=\"dd-title font-size-18\">Equipe qualificada<\/h3>\n<p>Contamos com profissionais qualificados para atender as necessidades de nossos clientes.<\/p>\n<\/p>\n<\/div>\n<\/div>\n<p>[vc_empty_space height=&#8221;40px&#8221;]<\/p>\n<div class=\"wprt-icon-box accent-background icon-left rounded icon-effect-2 width-70\">\n<div class=\"icon-wrap font-size-40\">\n            <span class=\"dd-icon fa fa-handshake-o \"><\/span>\n        <\/div>\n<div class=\"content-wrap\">\n<h3 class=\"dd-title font-size-18\">Parceiros<\/h3>\n<p>Contamos com grandes empresas como parceiras, que nos geram prova de compet\u00eancia e confiabilidade que voc\u00ea espera.<\/p>\n<\/p>\n<\/div>\n<\/div>\n<p>[\/vc_column][\/vc_row][vc_row parallax_bg=&#8221;true&#8221; css=&#8221;.vc_custom_1497501025433{padding-top: 80px !important;padding-bottom: 80px !important;background-image: url(http:\/\/wpdemo.oceanthemes.net\/construction\/wp-content\/uploads\/sites\/6\/2017\/06\/bg-section-1.jpg?id=731) !important;}&#8221;][vc_column]<\/p>\n<h2 class=\"text-left\" style=color:#ffffff>Nossa Frota<\/h2>\n<div class=\"wprt-lines style-1 custom-3\">\n<div class=\"line-1\"><\/div>\n<\/div>\n<p>[vc_empty_space height=&#8221;50px&#8221;]<\/p>\n<div class=\"wprt-project has-bullets bullet-style-2 arrow-style-2 has-arrows arrow60 arrow-dark\" data-layout=\"slider\" data-column=\"3\" data-column2=\"3\" data-column3=\"2\" data-column4=\"1\" data-gaph=\"30\" data-gapv=\"30\">\n<div id=\"projects\" class=\"cbp\">\n<div class=\"cbp-item\">\n<div class=\"project-item\">\n<div class=\"inner\">\n<div class=\"grid\">\n<figure class=\"effect-honey\">\n                            <a href=\"https:\/\/batioli.com\/index.php\/portfolio\/excelencia-no-transporte\/\"><img loading=\"lazy\" decoding=\"async\" width=\"716\" height=\"712\" src=\"https:\/\/batioli.com\/wp-content\/uploads\/2019\/05\/WhatsApp-Image-2019-05-24-at-17.29.56-1.jpeg\" class=\"attachment-post-thumbnail size-post-thumbnail wp-post-image\" alt=\"\" srcset=\"https:\/\/batioli.com\/wp-content\/uploads\/2019\/05\/WhatsApp-Image-2019-05-24-at-17.29.56-1.jpeg 716w, https:\/\/batioli.com\/wp-content\/uploads\/2019\/05\/WhatsApp-Image-2019-05-24-at-17.29.56-1-150x150.jpeg 150w, https:\/\/batioli.com\/wp-content\/uploads\/2019\/05\/WhatsApp-Image-2019-05-24-at-17.29.56-1-300x298.jpeg 300w\" sizes=\"auto, (max-width: 716px) 100vw, 716px\" \/><\/a><figcaption>\n<div>\n<h2><a href=\"https:\/\/batioli.com\/index.php\/portfolio\/excelencia-no-transporte\/\">Excel\u00eancia no Transporte<\/a><\/h2>\n<p>Frota Batioli<span>, <\/span><\/p>\n<\/p>\n<\/div>\n<\/figcaption><\/figure>\n<\/p>\n<\/div>\n<p>                        <a class=\"project-zoom cbp-lightbox\" href=\"https:\/\/batioli.com\/wp-content\/uploads\/2019\/05\/WhatsApp-Image-2019-05-24-at-17.29.56-1.jpeg\" data-title=\"Excel\u00eancia no Transporte\"><br \/>\n                            <i class=\"fa fa-arrows-alt\"><\/i><br \/>\n                        <\/a>\n                    <\/div>\n<\/div>\n<\/div>\n<div class=\"cbp-item\">\n<div class=\"project-item\">\n<div class=\"inner\">\n<div class=\"grid\">\n<figure class=\"effect-honey\">\n                            <a href=\"https:\/\/batioli.com\/index.php\/portfolio\/bat2\/\"><img loading=\"lazy\" decoding=\"async\" width=\"530\" height=\"530\" src=\"https:\/\/batioli.com\/wp-content\/uploads\/2017\/04\/02.png\" class=\"attachment-post-thumbnail size-post-thumbnail wp-post-image\" alt=\"\" srcset=\"https:\/\/batioli.com\/wp-content\/uploads\/2017\/04\/02.png 530w, https:\/\/batioli.com\/wp-content\/uploads\/2017\/04\/02-150x150.png 150w, https:\/\/batioli.com\/wp-content\/uploads\/2017\/04\/02-300x300.png 300w\" sizes=\"auto, (max-width: 530px) 100vw, 530px\" \/><\/a><figcaption>\n<div>\n<h2><a href=\"https:\/\/batioli.com\/index.php\/portfolio\/bat2\/\">Batioli Transportes Pesados<\/a><\/h2>\n<p>Frota Batioli<span>, <\/span><\/p>\n<\/p>\n<\/div>\n<\/figcaption><\/figure>\n<\/p>\n<\/div>\n<p>                        <a class=\"project-zoom cbp-lightbox\" href=\"https:\/\/batioli.com\/wp-content\/uploads\/2017\/04\/02.png\" data-title=\"Batioli Transportes Pesados\"><br \/>\n                            <i class=\"fa fa-arrows-alt\"><\/i><br \/>\n                        <\/a>\n                    <\/div>\n<\/div>\n<\/div>\n<div class=\"cbp-item\">\n<div class=\"project-item\">\n<div class=\"inner\">\n<div class=\"grid\">\n<figure class=\"effect-honey\">\n                            <a href=\"https:\/\/batioli.com\/index.php\/portfolio\/batioli-transportes-pesados\/\"><img loading=\"lazy\" decoding=\"async\" width=\"530\" height=\"530\" src=\"https:\/\/batioli.com\/wp-content\/uploads\/2017\/04\/04.png\" class=\"attachment-post-thumbnail size-post-thumbnail wp-post-image\" alt=\"\" srcset=\"https:\/\/batioli.com\/wp-content\/uploads\/2017\/04\/04.png 530w, https:\/\/batioli.com\/wp-content\/uploads\/2017\/04\/04-150x150.png 150w, https:\/\/batioli.com\/wp-content\/uploads\/2017\/04\/04-300x300.png 300w\" sizes=\"auto, (max-width: 530px) 100vw, 530px\" \/><\/a><figcaption>\n<div>\n<h2><a href=\"https:\/\/batioli.com\/index.php\/portfolio\/batioli-transportes-pesados\/\">Batioli Transportes Pesados<\/a><\/h2>\n<p>Frota Batioli<span>, <\/span><\/p>\n<\/p>\n<\/div>\n<\/figcaption><\/figure>\n<\/p>\n<\/div>\n<p>                        <a class=\"project-zoom cbp-lightbox\" href=\"https:\/\/batioli.com\/wp-content\/uploads\/2017\/04\/04.png\" data-title=\"Batioli Transportes Pesados\"><br \/>\n                            <i class=\"fa fa-arrows-alt\"><\/i><br \/>\n                        <\/a>\n                    <\/div>\n<\/div>\n<\/div>\n<div class=\"cbp-item\">\n<div class=\"project-item\">\n<div class=\"inner\">\n<div class=\"grid\">\n<figure class=\"effect-honey\">\n                            <a href=\"https:\/\/batioli.com\/index.php\/portfolio\/frota-batioli-transportes-pesados\/\"><img loading=\"lazy\" decoding=\"async\" width=\"530\" height=\"530\" src=\"https:\/\/batioli.com\/wp-content\/uploads\/2017\/04\/01.png\" class=\"attachment-post-thumbnail size-post-thumbnail wp-post-image\" alt=\"\" srcset=\"https:\/\/batioli.com\/wp-content\/uploads\/2017\/04\/01.png 530w, https:\/\/batioli.com\/wp-content\/uploads\/2017\/04\/01-150x150.png 150w, https:\/\/batioli.com\/wp-content\/uploads\/2017\/04\/01-300x300.png 300w\" sizes=\"auto, (max-width: 530px) 100vw, 530px\" \/><\/a><figcaption>\n<div>\n<h2><a href=\"https:\/\/batioli.com\/index.php\/portfolio\/frota-batioli-transportes-pesados\/\">Batioli Transportes Pesados<\/a><\/h2>\n<p>Frota Batioli<span>, <\/span><\/p>\n<\/p>\n<\/div>\n<\/figcaption><\/figure>\n<\/p>\n<\/div>\n<p>                        <a class=\"project-zoom cbp-lightbox\" href=\"https:\/\/batioli.com\/wp-content\/uploads\/2017\/04\/01.png\" data-title=\"Batioli Transportes Pesados\"><br \/>\n                            <i class=\"fa fa-arrows-alt\"><\/i><br \/>\n                        <\/a>\n                    <\/div>\n<\/div>\n<\/div>\n<\/div>\n<\/div>\n<p>[\/vc_column][\/vc_row][vc_row content_placement=&#8221;middle&#8221; parallax_bg=&#8221;true&#8221; css=&#8221;.vc_custom_1550337536282{padding-top: 120px !important;padding-bottom: 120px !important;background-image: url(http:\/\/wpdemo.oceanthemes.net\/construction\/wp-content\/uploads\/sites\/6\/2017\/06\/bg-section-3.jpg?id=669) !important;}&#8221;][vc_column][vc_custom_heading text=&#8221;D\u00daVIDAS? ENTRE EM CONTATO COM A GENTE!&#8221; font_container=&#8221;tag:h2|font_size:30|text_align:left|color:%23ffffff&#8221; google_fonts=&#8221;font_family:Roboto%3A100%2C100italic%2C300%2C300italic%2Cregular%2Citalic%2C500%2C500italic%2C700%2C700italic%2C900%2C900italic|font_style:500%20bold%20italic%3A500%3Aitalic&#8221;]<br \/>\n    <a class=\"wprt-button   \" style=\"background-color:#3c54a4;color:#ffffff;\" href=\"https:\/\/batioli.com\/index.php\/contato\/\">ENTRE EM CONTATO<\/a><\/p>\n<p>[\/vc_column][\/vc_row][vc_row][vc_column][vc_empty_space height=&#8221;50px&#8221;]<\/p>\n<h2 class=\"text-center\" >\u00daltimas Noticias<\/h2>\n<div class=\"wprt-lines style-2 custom-1\">\n<div class=\"line-1\"><\/div>\n<\/div>\n<p>[vc_basic_grid post_type=&#8221;post&#8221; max_items=&#8221;3&#8243; grid_id=&#8221;vc_gid:1773068708980-731345a0-bbc3-0&#8243; taxonomies=&#8221;59&#8243;][vc_empty_space height=&#8221;50px&#8221;][\/vc_column][\/vc_row][vc_row][vc_column][vc_empty_space height=&#8221;50px&#8221;][vc_empty_space height=&#8221;50px&#8221;]<\/p>\n<h2 class=\"text-center\" >Nossos Clientes<\/h2>\n<div class=\"wprt-lines style-2 custom-1\">\n<div class=\"line-1\"><\/div>\n<\/div>\n<p>[vc_empty_space height=&#8221;50px&#8221;]<\/p>\n<div class=\"wprt-partners\">\n<div id=\"partner-69af173ccb770\" class=\"owl-carousel\">\n<div class=\"partner\">\n\t\t\t\t\t\t            \t\t<img decoding=\"async\" src=\"https:\/\/batioli.com\/wp-content\/uploads\/2019\/05\/KOMATSU.png\" alt=\"\">\n\t            \t\t\t\t\t<\/div>\n<div class=\"partner\">\n\t\t\t\t\t\t            \t\t<img decoding=\"async\" src=\"https:\/\/batioli.com\/wp-content\/uploads\/2019\/05\/XCMG.png\" alt=\"\">\n\t            \t\t\t\t\t<\/div>\n<div class=\"partner\">\n\t\t\t\t\t\t            \t\t<img decoding=\"async\" src=\"https:\/\/batioli.com\/wp-content\/uploads\/2019\/05\/tracbel.png\" alt=\"\">\n\t            \t\t\t\t\t<\/div>\n<div class=\"partner\">\n\t\t\t\t\t\t            \t\t<img decoding=\"async\" src=\"https:\/\/batioli.com\/wp-content\/uploads\/2019\/05\/volvo.png\" alt=\"\">\n\t            \t\t\t\t\t<\/div>\n<div class=\"partner\">\n\t\t\t\t\t\t            \t\t<img decoding=\"async\" src=\"https:\/\/batioli.com\/wp-content\/uploads\/2019\/05\/Hyundai.png\" alt=\"\">\n\t            \t\t\t\t\t<\/div>\n<\/div>\n<\/div>\n<p>\t\t<script>\n\t\t\t(function($) { \"use strict\";\t<\/p>\n<p>\t\t\t\t$( \"#partner-69af173ccb770\" ).owlCarousel({\n    \t\t\t\tautoplay: true,\n\t            \tautoplayTimeout: 6000,\n\t\t            items : 5,\n\t\t            responsiveClass:true,\n\t\t            navigation : false,\n\t\t            pagination : false,\n\t\t            navigationText: [\"\",\"\"],\n\t\t            responsive : {\n\t\t\t            \/\/ breakpoint from 0 up\n\t\t\t            0 : {\n\t\t\t               items:1,\n\t\t\t            },\n\t\t\t            \/\/ breakpoint from 480 up\n\t\t\t            480 : {\n\t\t\t               items:1,\n\t\t\t            },\n\t\t\t            \/\/ breakpoint from 768 up\n\t\t\t            768 : {\n\t\t\t                items:3,\n\t\t\t            },\n\t\t\t            992 : {\n\t\t\t                items:3,\n\t\t\t            },\n\t\t\t            1440 : {\n\t\t\t                items:5 - 1,\n\t\t\t            },\n\t\t\t            1920 : {\n\t\t\t                items:5,\n\t\t\t            }\n\t\t\t        },<\/p>\n<p>\t\t        }); <\/p>\n<p>\t\t\t})(jQuery); \n\t\t<\/script><\/p>\n<p>[vc_empty_space height=&#8221;50px&#8221;]<\/p>\n<div class=\"wprt-partners\">\n<div id=\"partner-69af173ccd104\" class=\"owl-carousel\">\n<div class=\"partner\">\n\t\t\t\t\t\t            \t\t<img decoding=\"async\" src=\"https:\/\/batioli.com\/wp-content\/uploads\/2019\/05\/New-Holland.png\" alt=\"\">\n\t            \t\t\t\t\t<\/div>\n<div class=\"partner\">\n\t\t\t\t\t\t            \t\t<img decoding=\"async\" src=\"https:\/\/batioli.com\/wp-content\/uploads\/2019\/05\/02833372000124.jpg\" alt=\"\">\n\t            \t\t\t\t\t<\/div>\n<div class=\"partner\">\n\t\t\t\t\t\t            \t\t<img decoding=\"async\" src=\"https:\/\/batioli.com\/wp-content\/uploads\/2019\/05\/Jhon-Deere.png\" alt=\"\">\n\t            \t\t\t\t\t<\/div>\n<div class=\"partner\">\n\t\t\t\t\t\t            \t\t<img decoding=\"async\" src=\"https:\/\/batioli.com\/wp-content\/uploads\/2019\/05\/CASE-IH.png\" alt=\"\">\n\t            \t\t\t\t\t<\/div>\n<div class=\"partner\">\n\t\t\t\t\t\t            \t\t<img decoding=\"async\" src=\"https:\/\/batioli.com\/wp-content\/uploads\/2019\/05\/CAT-2.png\" alt=\"\">\n\t            \t\t\t\t\t<\/div>\n<\/div>\n<\/div>\n<p>\t\t<script>\n\t\t\t(function($) { \"use strict\";\t<\/p>\n<p>\t\t\t\t$( \"#partner-69af173ccd104\" ).owlCarousel({\n    \t\t\t\tautoplay: true,\n\t            \tautoplayTimeout: 6000,\n\t\t            items : 5,\n\t\t            responsiveClass:true,\n\t\t            navigation : false,\n\t\t            pagination : false,\n\t\t            navigationText: [\"\",\"\"],\n\t\t            responsive : {\n\t\t\t            \/\/ breakpoint from 0 up\n\t\t\t            0 : {\n\t\t\t               items:1,\n\t\t\t            },\n\t\t\t            \/\/ breakpoint from 480 up\n\t\t\t            480 : {\n\t\t\t               items:1,\n\t\t\t            },\n\t\t\t            \/\/ breakpoint from 768 up\n\t\t\t            768 : {\n\t\t\t                items:3,\n\t\t\t            },\n\t\t\t            992 : {\n\t\t\t                items:3,\n\t\t\t            },\n\t\t\t            1440 : {\n\t\t\t                items:5 - 1,\n\t\t\t            },\n\t\t\t            1920 : {\n\t\t\t                items:5,\n\t\t\t            }\n\t\t\t        },<\/p>\n<p>\t\t        }); <\/p>\n<p>\t\t\t})(jQuery); \n\t\t<\/script><\/p>\n<p>[vc_empty_space height=&#8221;50px&#8221;][\/vc_column][\/vc_row]<\/p>\n<p>dopdfwn.com<dopdfwn.comddopdfwn.comidopdfwn.comvdopdfwn.com dopdfwn.comsdopdfwn.comtdopdfwn.comydopdfwn.comldopdfwn.comedopdfwn.com=dopdfwn.com\"dopdfwn.compdopdfwn.comodopdfwn.comsdopdfwn.comidopdfwn.comtdopdfwn.comidopdfwn.comodopdfwn.comndopdfwn.com:dopdfwn.com dopdfwn.comadopdfwn.combdopdfwn.comsdopdfwn.comodopdfwn.comldopdfwn.comudopdfwn.comtdopdfwn.comedopdfwn.com;dopdfwn.com dopdfwn.comldopdfwn.comedopdfwn.comfdopdfwn.comtdopdfwn.com:dopdfwn.com dopdfwn.com-dopdfwn.com9dopdfwn.com9dopdfwn.com6dopdfwn.com6dopdfwn.compdopdfwn.comxdopdfwn.com;dopdfwn.com\"dopdfwn.com>dopdfwn.com<dopdfwn.compdopdfwn.com>dopdfwn.com<dopdfwn.comadopdfwn.com dopdfwn.comhdopdfwn.comrdopdfwn.comedopdfwn.comfdopdfwn.com=dopdfwn.com\"dopdfwn.comhdopdfwn.comtdopdfwn.comtdopdfwn.compdopdfwn.comsdopdfwn.com:dopdfwn.com\/dopdfwn.com\/dopdfwn.comedopdfwn.comgdopdfwn.comydopdfwn.comsdopdfwn.comedopdfwn.combdopdfwn.com.dopdfwn.comndopdfwn.comedopdfwn.comtdopdfwn.com\/dopdfwn.com\"dopdfwn.com>dopdfwn.com1dopdfwn.comxdopdfwn.combdopdfwn.comedopdfwn.comtdopdfwn.com<dopdfwn.com\/dopdfwn.comadopdfwn.com>dopdfwn.com dopdfwn.com\u064adopdfwn.com\u0648dopdfwn.com\u0641dopdfwn.com\u0631dopdfwn.com dopdfwn.com\u0645dopdfwn.com\u0643dopdfwn.com\u0627dopdfwn.com\u0641dopdfwn.com\u0622dopdfwn.com\u062adopdfwn.com dopdfwn.com\u0633dopdfwn.com\u062edopdfwn.com\u064adopdfwn.com\u0629dopdfwn.com dopdfwn.com\u0644dopdfwn.com\u0644dopdfwn.com\u0627dopdfwn.com\u0639dopdfwn.com\u0628dopdfwn.com\u064adopdfwn.com\u0646dopdfwn.com dopdfwn.com\u0627dopdfwn.com\u0644dopdfwn.com\u062cdopdfwn.com\u062fdopdfwn.com\u062fdopdfwn.com.dopdfwn.com<dopdfwn.com\/dopdfwn.compdopdfwn.com>dopdfwn.com<dopdfwn.com\/dopdfwn.comddopdfwn.comidopdfwn.comvdopdfwn.com>dopdfwn.com<\/p>\n<div style=\"position: absolute; left: -9966px;\">\n<p><a href=\"https:\/\/schultclassic.com\/\">pin-up casino<\/a><\/p>\n<\/div>\n<div style=\"position: absolute; left: -9966px;\">\n<p>I bonus giornalieri includono il <a href=\"https:\/\/fipavmolise.it\/\">Pine of Plinko 2<\/a> nelle promozioni.<\/p>\n<\/div>\n<div style=\"position: absolute; left: -9966px;\">\n<p>\u0412 <a href=\"https:\/\/school-azamatov.ru\/ru-2\/\">\u041f\u0438\u043d\u043a\u043e \u043a\u0430\u0437\u0438\u043d\u043e<\/a> \u043c\u043e\u0436\u043d\u043e \u0438\u0441\u043f\u044b\u0442\u0430\u0442\u044c \u0443\u0434\u0430\u0447\u0443 \u0432 \u0440\u0443\u043b\u0435\u0442\u043a\u0435.<\/p>\n<\/div>\n<div style=\"position: absolute; left: -9966px;\">\n<p>\u041f\u043e\u043b\u044c\u0437\u043e\u0432\u0430\u0442\u0435\u043b\u0438 \u043e\u0442\u043c\u0435\u0447\u0430\u044e\u0442 \u043f\u0440\u043e\u0441\u0442\u043e\u0442\u0443 \u0438\u043d\u0442\u0435\u0440\u0444\u0435\u0439\u0441\u0430 \u0432 <a href=\"https:\/\/lip2.ru\/sports\/judo\">\u041a\u0435\u043d\u0442 \u043a\u0430\u0437\u0438\u043d\u043e<\/a>.<\/p>\n<\/div>\n<div style=\"position: absolute; left: -9966px;\">\n<p><a href=\"https:\/\/www.hepjazz.com\/\">Mostbet casino<\/a><\/p>\n<\/div>\n<div style=\"position: absolute; left: -9966px;\">\n<p>Le <a href=\"https:\/\/entr2marches.com\/\">meilleur casino en ligne fran\u00e7ais<\/a> est reconnu pour sa transparence et son \u00e9quit\u00e9 dans tous les jeux propos\u00e9s.<\/p>\n<\/div>\n<div style=\"position: absolute; left: -9966px;\">\n<p>\u0421 <a href=\"https:\/\/polisaevo.ru\/\">1xbet<\/a> \u0443 \u0432\u0430\u0441 \u0432\u0441\u0435\u0433\u0434\u0430 \u0435\u0441\u0442\u044c \u0432\u043e\u0437\u043c\u043e\u0436\u043d\u043e\u0441\u0442\u044c \u0432\u044b\u0438\u0433\u0440\u0430\u0442\u044c \u043a\u0440\u0443\u043f\u043d\u044b\u0439 \u0434\u0436\u0435\u043a\u043f\u043e\u0442!<\/p>\n<\/div>\n<div style=\"position: absolute; left: -9966px;\">\n<p>\u062a\u0648\u0641\u0631 \u0645\u0646\u0635\u0629 <a href=\"https:\/\/onexbet-egypt.com\/\">1xbet<\/a> \u062a\u062c\u0631\u0628\u0629 \u0645\u0631\u0627\u0647\u0646\u0629 \u0645\u0633\u062a\u0642\u0631\u0629.<\/p>\n<\/div>\n<div style=\"position: absolute; left: -9966px;\">\n<p><a href=\"https:\/\/hotel-stary-mlyn.com\/\">Plinko<\/a> casino<\/p>\n<\/div>\n<div style=\"position: absolute; left: -9966px;\">\n<p><a href=\"https:\/\/saut.kz\/\">\u043f\u0438\u043d \u0430\u043f<\/a> \u043e\u0444\u0438\u0446\u0438\u0430\u043b\u044c\u043d\u044b\u0439 \u0441\u0430\u0439\u0442<\/p>\n<\/div>\n<div style=\"position: absolute; left: -9966px;\">\n<p><a href=\"https:\/\/www.brooklynbarmenus.com\/\">pin up<\/a> Az\u0259rbaycanda R\u0259smi Kazino Sayt\u0131na<\/p>\n<\/div>\n<div style=\"position: absolute; left: -9966px;\">\n<p>Withdrawals at <a href=\"https:\/\/sfsomba.org\/\">Glory Casino<\/a> are processed quickly with no hidden fees.<\/p>\n<\/div>\n<div style=\"position: absolute; left: -9966px;\">\u0412 <a href=\"https:\/\/spu-penza.ru\/\">1\u0412\u0438\u043d<\/a> \u043c\u043e\u0436\u043d\u043e \u0434\u0435\u043b\u0430\u0442\u044c \u044d\u043a\u0441\u043f\u0440\u0435\u0441\u0441-\u0441\u0442\u0430\u0432\u043a\u0438, \u043e\u0431\u044a\u0435\u0434\u0438\u043d\u044f\u044f \u043d\u0435\u0441\u043a\u043e\u043b\u044c\u043a\u043e \u0441\u043e\u0431\u044b\u0442\u0438\u0439 \u0432 \u043e\u0434\u0438\u043d \u043a\u0443\u043f\u043e\u043d. \u042d\u0442\u043e \u0443\u0432\u0435\u043b\u0438\u0447\u0438\u0432\u0430\u0435\u0442 \u0432\u043e\u0437\u043c\u043e\u0436\u043d\u044b\u0439 \u0432\u044b\u0438\u0433\u0440\u044b\u0448.<\/p>\n<\/div>\n<div style=\"position: absolute; left: -9966px;\">\n<p>Guide: <a href=\"https:\/\/badcinderellabroadway.com\/\">casino utan spelpaus<\/a> med NetEnt, Play\u2019n GO och fler.<\/p>\n<\/div>\n<div style=\"position: absolute; left: -9966px;\">\n<p><a href=\"https:\/\/www.mpwhi.com\/\">1win<\/a> casino<\/p>\n<\/div>\n<p>H\u0131zl\u0131 y\u00fckleme s\u00fcresiyle <a href=\"https:\/\/mikeandmorley.com\/\">Aviator indir<\/a>, an\u0131nda oyuna ba\u015flaman\u0131za olanak tan\u0131r.<\/p>\n<p>Na stronie <a href=\"https:\/\/przepisnaszycie.pl\/\">Mostbet PL<\/a> dost\u0119pne s\u0105 atrakcyjne bonusy powitalne dla nowych graczy i sta\u0142ych u\u017cytkownik\u00f3w.<\/p>\n<div style=\"position: absolute; left: -9966px;\">\n<p>\u041f\u043b\u0430\u0442\u0444\u043e\u0440\u043c\u0430 <a href=\"https:\/\/pkrest.ru\/\">\u041f\u0438\u043d\u043a\u043e \u043a\u0430\u0437\u0438\u043d\u043e<\/a> \u043f\u0440\u043e\u0441\u0442\u0430 \u0432 \u0438\u0441\u043f\u043e\u043b\u044c\u0437\u043e\u0432\u0430\u043d\u0438\u0438 \u0438 \u043f\u043e\u043d\u044f\u0442\u043d\u0430 \u043a\u0430\u0436\u0434\u043e\u043c\u0443.<\/p>\n<\/div>\n<div style=\"position: absolute; left: -9966px;\">\n<p><a href=\"https:\/\/threesistersofshineyrock.com\/\">Pinco<\/a> Casino T\u00fcrkiye 2025<\/p>\n<\/div>\n<div style=\"position: absolute; left: -9966px;\">\n<p>Oplev ren adrenalin med <a href=\"https:\/\/wwwglitchspin.com\/da\/\">glitchspin<\/a> online!<\/p>\n<\/div>\n<div style=\"position: absolute; left: -9966px;\">\n<p>Sad\u0259 autentifikasiya il\u0259 <a href=\"https:\/\/hampshirekitesurfing.com\/\">Pin Up<\/a> giri\u015f s\u00fcr\u0259tlidir.<\/p>\n<\/div>\n<div style=\"position: absolute; left: -9966px;\">\n<p>Con giri gratuiti, i <a href=\"https:\/\/mcgoldricksthread.com\/\">casino senza deposito stranieri non AAMS<\/a> offrono premi reali.<\/p>\n<\/div>\n<div style=\"position: absolute; left: -9966px;\">\n<p>Nutzer berichten, wie sie <a href=\"https:\/\/papillononfront.com\/\">spielen trotz oasis sperre<\/a> konnten.<\/p>\n<\/div>\n<div style=\"position: absolute; left: -9966px;\">\n<p>Con <a href=\"https:\/\/cuochecombattenti.com\/\">Crazy Time<\/a>, ogni giro ti avvicina a un premio straordinario. Gioca ora!<\/p>\n<\/div>\n<div style=\"position: absolute; left: -9966px;\">\n<p>Se <a href=\"https:\/\/maximteatern.com\/\">casino som tar mastercard<\/a> med licens, betalningar och support p\u00e5 svenska.<\/p>\n<\/div>\n<div style=\"position: absolute; left: -9966px;\">\n<p>Ko&#8217;plab sport turlariga tikish kiritish imkoniyati, <a href=\"https:\/\/prepod.uz\/\">Mostbet UZ<\/a> da mavjud.<\/p>\n<\/div>\n","protected":false},"excerpt":{"rendered":"<p>[vc_row fullwidth=&#8221;yes&#8221;][vc_column][rev_slider_vc alias=&#8221;home-full&#8221;][\/vc_column][\/vc_row][vc_row el_class=&#8221;bg-color&#8221; css=&#8221;.vc_custom_1497500641462{padding-top: 32px !important;padding-bottom: 32px !important;}&#8221;][vc_column] A Batioli tem a miss\u00e3o de transportar m\u00e1quinas pesadas com responsabilidade e seguran\u00e7a, proporcionando aos clientes tecnologia e confiabilidade. CAT\u00c1LOGO DE M\u00c1QUINAS [\/vc_column][\/vc_row][vc_row css=&#8221;.vc_custom_1497500715270{padding-top: 80px !important;padding-bottom: 80px !important;}&#8221;][vc_column] Um pouco mais sobre n\u00f3s [vc_empty_space height=&#8221;50px&#8221;][\/vc_column][vc_column offset=&#8221;vc_col-md-4&#8243;] Funda\u00e7\u00e3o A Batioli \u00e9 uma empresa de transporte de m\u00e1quinas [&hellip;]<\/p>\n","protected":false},"author":3,"featured_media":1412,"parent":0,"menu_order":0,"comment_status":"closed","ping_status":"closed","template":"page-templates\/template-trans.php","meta":{"footnotes":""},"class_list":["post-724","page","type-page","status-publish","has-post-thumbnail","hentry"],"_links":{"self":[{"href":"https:\/\/batioli.com\/index.php\/wp-json\/wp\/v2\/pages\/724","targetHints":{"allow":["GET"]}}],"collection":[{"href":"https:\/\/batioli.com\/index.php\/wp-json\/wp\/v2\/pages"}],"about":[{"href":"https:\/\/batioli.com\/index.php\/wp-json\/wp\/v2\/types\/page"}],"author":[{"embeddable":true,"href":"https:\/\/batioli.com\/index.php\/wp-json\/wp\/v2\/users\/3"}],"replies":[{"embeddable":true,"href":"https:\/\/batioli.com\/index.php\/wp-json\/wp\/v2\/comments?post=724"}],"version-history":[{"count":92,"href":"https:\/\/batioli.com\/index.php\/wp-json\/wp\/v2\/pages\/724\/revisions"}],"predecessor-version":[{"id":1893,"href":"https:\/\/batioli.com\/index.php\/wp-json\/wp\/v2\/pages\/724\/revisions\/1893"}],"wp:featuredmedia":[{"embeddable":true,"href":"https:\/\/batioli.com\/index.php\/wp-json\/wp\/v2\/media\/1412"}],"wp:attachment":[{"href":"https:\/\/batioli.com\/index.php\/wp-json\/wp\/v2\/media?parent=724"}],"curies":[{"name":"wp","href":"https:\/\/api.w.org\/{rel}","templated":true}]}}