{"id":1214,"date":"2019-03-07T10:51:33","date_gmt":"2019-03-07T13:51:33","guid":{"rendered":"https:\/\/batioli.com\/?page_id=1214"},"modified":"2019-07-11T14:21:04","modified_gmt":"2019-07-11T17:21:04","slug":"volvo","status":"publish","type":"page","link":"https:\/\/batioli.com\/index.php\/volvo\/","title":{"rendered":"VOLVO"},"content":{"rendered":"<p>[vc_row css=&#8221;.vc_custom_1497429195737{padding-top: 80px !important;padding-bottom: 20px !important;}&#8221;][vc_column]\n    <h1 class=\"text-center\" >VOLVO EQUIPAMENTOS<\/h1>\n    \n        \t\n[vc_empty_space]\t\n\t<div class=\"row\">\n\t\t<div class=\"col-md-3 col-sm-6\">\n\t\t<div class=\"service-item clearfix \">\n\t        <div class=\"thumb\"><a href=\"https:\/\/batioli.com\/index.php\/services\/volvo-ec250d\/\" title=\"Volvo EC250D\"><img loading=\"lazy\" decoding=\"async\" width=\"918\" height=\"474\" src=\"https:\/\/batioli.com\/wp-content\/uploads\/2019\/07\/EC250D.jpg\" class=\"attachment-post-thumbnail size-post-thumbnail wp-post-image\" alt=\"\" srcset=\"https:\/\/batioli.com\/wp-content\/uploads\/2019\/07\/EC250D.jpg 918w, https:\/\/batioli.com\/wp-content\/uploads\/2019\/07\/EC250D-300x155.jpg 300w, https:\/\/batioli.com\/wp-content\/uploads\/2019\/07\/EC250D-768x397.jpg 768w\" sizes=\"auto, (max-width: 918px) 100vw, 918px\" \/><\/a><\/div>\n\t        <div class=\"service-item-wrap\">\n\t            <h3 class=\"title font-size-18\"><a href=\"https:\/\/batioli.com\/index.php\/services\/volvo-ec250d\/\">Volvo EC250D<\/a><\/h3>\n\t            <div class=\"desc\"><p>A JCB 4CX de quatro rodas direcionais \u00e9 a maior retroescavadeiras da linha que produzimos. Um produto da filosofia de design eficiente da JCB, que responde aos pre\u00e7os de combust\u00edvel em alta atuais e \u00e0s preocupa\u00e7\u00f5es ambientais com efici\u00eancia l\u00edder da classe e baixos custos de opera\u00e7\u00e3o. Em suma, aplicamos tecnologias inovadoras para extrair o m\u00e1ximo absoluto de cada gota de combust\u00edvel na JCB 4CX.<\/p>\n<\/div>\n\t            \t\t            <div class=\"link\">\n\t\t                <a href=\"https:\/\/batioli.com\/index.php\/services\/volvo-ec250d\/\" class=\"wprt-button small rounded-3px\">VER M\u00c1QUINA<\/a>\n\t\t            <\/div>\n\t\t        \t        <\/div>\n\t    <\/div>\n\t    <div class=\"wprt-spacer\" data-desktop=\"60\" data-mobi=\"60\" data-smobi=\"60\"><\/div>\n\t<\/div>\n\n\t\t<\/div>\n  \t\n[\/vc_column][\/vc_row]<\/p>\n","protected":false},"excerpt":{"rendered":"<p>[vc_row css=&#8221;.vc_custom_1497429195737{padding-top: 80px !important;padding-bottom: 20px !important;}&#8221;][vc_column][vc_empty_space][\/vc_column][\/vc_row]<\/p>\n","protected":false},"author":3,"featured_media":0,"parent":0,"menu_order":0,"comment_status":"closed","ping_status":"closed","template":"page-templates\/template-fullwidth.php","meta":{"footnotes":""},"class_list":["post-1214","page","type-page","status-publish","hentry"],"_links":{"self":[{"href":"https:\/\/batioli.com\/index.php\/wp-json\/wp\/v2\/pages\/1214","targetHints":{"allow":["GET"]}}],"collection":[{"href":"https:\/\/batioli.com\/index.php\/wp-json\/wp\/v2\/pages"}],"about":[{"href":"https:\/\/batioli.com\/index.php\/wp-json\/wp\/v2\/types\/page"}],"author":[{"embeddable":true,"href":"https:\/\/batioli.com\/index.php\/wp-json\/wp\/v2\/users\/3"}],"replies":[{"embeddable":true,"href":"https:\/\/batioli.com\/index.php\/wp-json\/wp\/v2\/comments?post=1214"}],"version-history":[{"count":2,"href":"https:\/\/batioli.com\/index.php\/wp-json\/wp\/v2\/pages\/1214\/revisions"}],"predecessor-version":[{"id":1480,"href":"https:\/\/batioli.com\/index.php\/wp-json\/wp\/v2\/pages\/1214\/revisions\/1480"}],"wp:attachment":[{"href":"https:\/\/batioli.com\/index.php\/wp-json\/wp\/v2\/media?parent=1214"}],"curies":[{"name":"wp","href":"https:\/\/api.w.org\/{rel}","templated":true}]}}