{"id":1208,"date":"2019-03-07T10:50:27","date_gmt":"2019-03-07T13:50:27","guid":{"rendered":"https:\/\/batioli.com\/?page_id=1208"},"modified":"2019-07-25T08:41:42","modified_gmt":"2019-07-25T11:41:42","slug":"komatsu","status":"publish","type":"page","link":"https:\/\/batioli.com\/index.php\/komatsu\/","title":{"rendered":"KOMATSU"},"content":{"rendered":"<p>[vc_row css=&#8221;.vc_custom_1497429195737{padding-top: 80px !important;padding-bottom: 20px !important;}&#8221;][vc_column]\n    <h1 class=\"text-center\" >KOMATSU EQUIPAMENTOS<\/h1>\n    \n        \t\n[vc_empty_space]\t\n\t<div class=\"row\">\n\t\t<div class=\"col-md-3 col-sm-6\">\n\t\t<div class=\"service-item clearfix \">\n\t        <div class=\"thumb\"><a href=\"https:\/\/batioli.com\/index.php\/services\/komatsu-xt445l-3\/\" title=\"Komatsu XT445L-3\"><img loading=\"lazy\" decoding=\"async\" width=\"810\" height=\"607\" src=\"https:\/\/batioli.com\/wp-content\/uploads\/2019\/07\/Komatsu-XT445L-3.png\" class=\"attachment-post-thumbnail size-post-thumbnail wp-post-image\" alt=\"\" srcset=\"https:\/\/batioli.com\/wp-content\/uploads\/2019\/07\/Komatsu-XT445L-3.png 810w, https:\/\/batioli.com\/wp-content\/uploads\/2019\/07\/Komatsu-XT445L-3-300x225.png 300w, https:\/\/batioli.com\/wp-content\/uploads\/2019\/07\/Komatsu-XT445L-3-768x576.png 768w\" sizes=\"auto, (max-width: 810px) 100vw, 810px\" \/><\/a><\/div>\n\t        <div class=\"service-item-wrap\">\n\t            <h3 class=\"title font-size-18\"><a href=\"https:\/\/batioli.com\/index.php\/services\/komatsu-xt445l-3\/\">Komatsu XT445L-3<\/a><\/h3>\n\t            <div class=\"desc\"><p>Komatsu XT445L-3<\/p>\n<p>A Komatsu XT445L-3 possui uma moderna cabine florestal com um sistema de controle digital de \u00faltima gera\u00e7\u00e3o e ergonomia superior. Combinado com m\u00faltiplas op\u00e7\u00f5es de lan\u00e7a, grua e serra, e poderoso torque de giro, for\u00e7a de tra\u00e7\u00e3o e um material rodante robusto, o XT445L-3 oferece alta produtividade, confiabilidade e durabilidade.<\/p>\n<\/div>\n\t            \t\t            <div class=\"link\">\n\t\t                <a href=\"https:\/\/batioli.com\/index.php\/services\/komatsu-xt445l-3\/\" class=\"wprt-button small rounded-3px\">VER M\u00c1QUINA<\/a>\n\t\t            <\/div>\n\t\t        \t        <\/div>\n\t    <\/div>\n\t    <div class=\"wprt-spacer\" data-desktop=\"60\" data-mobi=\"60\" data-smobi=\"60\"><\/div>\n\t<\/div>\n\n\t\t<\/div>\n  \t\n[\/vc_column][\/vc_row]<\/p>\n","protected":false},"excerpt":{"rendered":"<p>[vc_row css=&#8221;.vc_custom_1497429195737{padding-top: 80px !important;padding-bottom: 20px !important;}&#8221;][vc_column][vc_empty_space][\/vc_column][\/vc_row]<\/p>\n","protected":false},"author":3,"featured_media":0,"parent":0,"menu_order":0,"comment_status":"closed","ping_status":"closed","template":"page-templates\/template-fullwidth.php","meta":{"footnotes":""},"class_list":["post-1208","page","type-page","status-publish","hentry"],"_links":{"self":[{"href":"https:\/\/batioli.com\/index.php\/wp-json\/wp\/v2\/pages\/1208","targetHints":{"allow":["GET"]}}],"collection":[{"href":"https:\/\/batioli.com\/index.php\/wp-json\/wp\/v2\/pages"}],"about":[{"href":"https:\/\/batioli.com\/index.php\/wp-json\/wp\/v2\/types\/page"}],"author":[{"embeddable":true,"href":"https:\/\/batioli.com\/index.php\/wp-json\/wp\/v2\/users\/3"}],"replies":[{"embeddable":true,"href":"https:\/\/batioli.com\/index.php\/wp-json\/wp\/v2\/comments?post=1208"}],"version-history":[{"count":2,"href":"https:\/\/batioli.com\/index.php\/wp-json\/wp\/v2\/pages\/1208\/revisions"}],"predecessor-version":[{"id":1570,"href":"https:\/\/batioli.com\/index.php\/wp-json\/wp\/v2\/pages\/1208\/revisions\/1570"}],"wp:attachment":[{"href":"https:\/\/batioli.com\/index.php\/wp-json\/wp\/v2\/media?parent=1208"}],"curies":[{"name":"wp","href":"https:\/\/api.w.org\/{rel}","templated":true}]}}