{"id":1205,"date":"2019-03-07T10:49:55","date_gmt":"2019-03-07T13:49:55","guid":{"rendered":"https:\/\/batioli.com\/?page_id=1205"},"modified":"2019-03-07T10:49:55","modified_gmt":"2019-03-07T13:49:55","slug":"new-holland","status":"publish","type":"page","link":"https:\/\/batioli.com\/index.php\/new-holland\/","title":{"rendered":"NEW HOLLAND"},"content":{"rendered":"<p>[vc_row css=&#8221;.vc_custom_1497429195737{padding-top: 80px !important;padding-bottom: 20px !important;}&#8221;][vc_column]\n    <h1 class=\"text-center\" >NEW HOLLAND EQUIPAMENTOS<\/h1>\n    \n        \t\n[vc_empty_space]\t\n\t<div class=\"row\">\n\t\t<div class=\"col-md-3 col-sm-6\">\n\t\t<div class=\"service-item clearfix \">\n\t        <div class=\"thumb\"><a href=\"https:\/\/batioli.com\/index.php\/services\/cat320\/\" title=\"Escavadeira CAT 320\"><img loading=\"lazy\" decoding=\"async\" width=\"712\" height=\"534\" src=\"https:\/\/batioli.com\/wp-content\/uploads\/2019\/07\/CM20170418-52085-33213.jpg\" class=\"attachment-post-thumbnail size-post-thumbnail wp-post-image\" alt=\"\" srcset=\"https:\/\/batioli.com\/wp-content\/uploads\/2019\/07\/CM20170418-52085-33213.jpg 712w, https:\/\/batioli.com\/wp-content\/uploads\/2019\/07\/CM20170418-52085-33213-300x225.jpg 300w\" sizes=\"auto, (max-width: 712px) 100vw, 712px\" \/><\/a><\/div>\n\t        <div class=\"service-item-wrap\">\n\t            <h3 class=\"title font-size-18\"><a href=\"https:\/\/batioli.com\/index.php\/services\/cat320\/\">Escavadeira CAT 320<\/a><\/h3>\n\t            <div class=\"desc\"><p>Alto Desempenho com Menor Consumo de Combust\u00edvel<br \/>\n    Utilize at\u00e9 20 por cento menos combust\u00edvel que a escavadeira Cat 320D2.<br \/>\n    Aumente a efici\u00eancia operacional em at\u00e9 45 por cento com as tecnologias Cat Connect padr\u00e3o que reduzem a fadiga do operador e os custos de opera\u00e7\u00e3o, incluindo consumo de combust\u00edvel e manuten\u00e7\u00e3o di\u00e1ria.<br \/>\n    O motor C7.1 ACERT\u2122 pode funcionar com biodiesel at\u00e9 B20 e atende aos padr\u00f5es de emiss\u00f5es equivalentes ao Tier 3 do EPA (Environmental Protection Agency, \u00d3rg\u00e3o de Prote\u00e7\u00e3o Ambiental) dos EUA\/Est\u00e1gio IIIA da UE\/Est\u00e1gio III Fora-de-estrada da China\/Mar-1 do Brasil.<\/p>\n<\/div>\n\t            \t\t            <div class=\"link\">\n\t\t                <a href=\"https:\/\/batioli.com\/index.php\/services\/cat320\/\" class=\"wprt-button small rounded-3px\">VER M\u00c1QUINA<\/a>\n\t\t            <\/div>\n\t\t        \t        <\/div>\n\t    <\/div>\n\t    <div class=\"wprt-spacer\" data-desktop=\"60\" data-mobi=\"60\" data-smobi=\"60\"><\/div>\n\t<\/div>\n\n\t\t<\/div>\n  \t\n[\/vc_column][\/vc_row]<\/p>\n","protected":false},"excerpt":{"rendered":"<p>[vc_row css=&#8221;.vc_custom_1497429195737{padding-top: 80px !important;padding-bottom: 20px !important;}&#8221;][vc_column][vc_empty_space][\/vc_column][\/vc_row]<\/p>\n","protected":false},"author":3,"featured_media":0,"parent":0,"menu_order":0,"comment_status":"closed","ping_status":"closed","template":"page-templates\/template-fullwidth.php","meta":{"footnotes":""},"class_list":["post-1205","page","type-page","status-publish","hentry"],"_links":{"self":[{"href":"https:\/\/batioli.com\/index.php\/wp-json\/wp\/v2\/pages\/1205","targetHints":{"allow":["GET"]}}],"collection":[{"href":"https:\/\/batioli.com\/index.php\/wp-json\/wp\/v2\/pages"}],"about":[{"href":"https:\/\/batioli.com\/index.php\/wp-json\/wp\/v2\/types\/page"}],"author":[{"embeddable":true,"href":"https:\/\/batioli.com\/index.php\/wp-json\/wp\/v2\/users\/3"}],"replies":[{"embeddable":true,"href":"https:\/\/batioli.com\/index.php\/wp-json\/wp\/v2\/comments?post=1205"}],"version-history":[{"count":1,"href":"https:\/\/batioli.com\/index.php\/wp-json\/wp\/v2\/pages\/1205\/revisions"}],"predecessor-version":[{"id":1207,"href":"https:\/\/batioli.com\/index.php\/wp-json\/wp\/v2\/pages\/1205\/revisions\/1207"}],"wp:attachment":[{"href":"https:\/\/batioli.com\/index.php\/wp-json\/wp\/v2\/media?parent=1205"}],"curies":[{"name":"wp","href":"https:\/\/api.w.org\/{rel}","templated":true}]}}