{"id":1154,"date":"2019-03-07T10:24:52","date_gmt":"2019-03-07T13:24:52","guid":{"rendered":"https:\/\/batioli.com\/?page_id=1154"},"modified":"2019-03-07T10:46:03","modified_gmt":"2019-03-07T13:46:03","slug":"case","status":"publish","type":"page","link":"https:\/\/batioli.com\/index.php\/case\/","title":{"rendered":"CASE"},"content":{"rendered":"<p>[vc_row css=&#8221;.vc_custom_1497429195737{padding-top: 80px !important;padding-bottom: 20px !important;}&#8221;][vc_column]\n    <h1 class=\"text-center\" >CASE EQUIPAMENTOS<\/h1>\n    \n        \t\n[vc_empty_space]\t\n\t<div class=\"row\">\n\t\t<div class=\"col-md-3 col-sm-6\">\n\t\t<div class=\"service-item clearfix \">\n\t        <div class=\"thumb\"><a href=\"https:\/\/batioli.com\/index.php\/services\/motoniveladora-845b\/\" title=\"Motoniveladora 845B\"><img loading=\"lazy\" decoding=\"async\" width=\"1618\" height=\"1080\" src=\"https:\/\/batioli.com\/wp-content\/uploads\/2019\/03\/moto-3.jpg\" class=\"attachment-post-thumbnail size-post-thumbnail wp-post-image\" alt=\"\" srcset=\"https:\/\/batioli.com\/wp-content\/uploads\/2019\/03\/moto-3.jpg 1618w, https:\/\/batioli.com\/wp-content\/uploads\/2019\/03\/moto-3-300x200.jpg 300w, https:\/\/batioli.com\/wp-content\/uploads\/2019\/03\/moto-3-768x513.jpg 768w, https:\/\/batioli.com\/wp-content\/uploads\/2019\/03\/moto-3-1024x684.jpg 1024w\" sizes=\"auto, (max-width: 1618px) 100vw, 1618px\" \/><\/a><\/div>\n\t        <div class=\"service-item-wrap\">\n\t            <h3 class=\"title font-size-18\"><a href=\"https:\/\/batioli.com\/index.php\/services\/motoniveladora-845b\/\">Motoniveladora 845B<\/a><\/h3>\n\t            <div class=\"desc\"><p>Os novos modelos PM300 com um material rodante com esteira combinam recursos de produ\u00e7\u00e3o aprimorados, desempenho otimizado e simplicidade de manuten\u00e7\u00e3o para concluir aplica\u00e7\u00f5es severas de fresagem com resultados produtivos.<\/p>\n<\/div>\n\t            \t\t            <div class=\"link\">\n\t\t                <a href=\"https:\/\/batioli.com\/index.php\/services\/motoniveladora-845b\/\" class=\"wprt-button small rounded-3px\">VER M\u00c1QUINA<\/a>\n\t\t            <\/div>\n\t\t        \t        <\/div>\n\t    <\/div>\n\t    <div class=\"wprt-spacer\" data-desktop=\"60\" data-mobi=\"60\" data-smobi=\"60\"><\/div>\n\t<\/div>\n\n\t\t<\/div>\n  \t\n[\/vc_column][\/vc_row]<\/p>\n","protected":false},"excerpt":{"rendered":"<p>[vc_row css=&#8221;.vc_custom_1497429195737{padding-top: 80px !important;padding-bottom: 20px !important;}&#8221;][vc_column][vc_empty_space][\/vc_column][\/vc_row]<\/p>\n","protected":false},"author":3,"featured_media":0,"parent":0,"menu_order":0,"comment_status":"closed","ping_status":"closed","template":"page-templates\/template-fullwidth.php","meta":{"footnotes":""},"class_list":["post-1154","page","type-page","status-publish","hentry"],"_links":{"self":[{"href":"https:\/\/batioli.com\/index.php\/wp-json\/wp\/v2\/pages\/1154","targetHints":{"allow":["GET"]}}],"collection":[{"href":"https:\/\/batioli.com\/index.php\/wp-json\/wp\/v2\/pages"}],"about":[{"href":"https:\/\/batioli.com\/index.php\/wp-json\/wp\/v2\/types\/page"}],"author":[{"embeddable":true,"href":"https:\/\/batioli.com\/index.php\/wp-json\/wp\/v2\/users\/3"}],"replies":[{"embeddable":true,"href":"https:\/\/batioli.com\/index.php\/wp-json\/wp\/v2\/comments?post=1154"}],"version-history":[{"count":3,"href":"https:\/\/batioli.com\/index.php\/wp-json\/wp\/v2\/pages\/1154\/revisions"}],"predecessor-version":[{"id":1193,"href":"https:\/\/batioli.com\/index.php\/wp-json\/wp\/v2\/pages\/1154\/revisions\/1193"}],"wp:attachment":[{"href":"https:\/\/batioli.com\/index.php\/wp-json\/wp\/v2\/media?parent=1154"}],"curies":[{"name":"wp","href":"https:\/\/api.w.org\/{rel}","templated":true}]}}